{"id":129,"date":"2015-01-01T21:37:20","date_gmt":"2015-01-01T21:37:20","guid":{"rendered":"https:\/\/leonardoai.es\/wp_tr24\/?page_id=129"},"modified":"2024-11-22T16:16:59","modified_gmt":"2024-11-22T16:16:59","slug":"nosotros_turbo_recycle","status":"publish","type":"page","link":"https:\/\/leonardoai.es\/wp_tr24\/nosotros_turbo_recycle\/","title":{"rendered":"Nosotros"},"content":{"rendered":"\t\t<div data-elementor-type=\"wp-page\" data-elementor-id=\"129\" class=\"elementor elementor-129\" data-elementor-post-type=\"page\">\n\t\t\t\t\t\t<section data-particle_enable=\"false\" data-particle-mobile-disabled=\"false\" class=\"elementor-section elementor-top-section elementor-element elementor-element-b4a0c85 elementor-section-boxed elementor-section-height-default elementor-section-height-default\" data-id=\"b4a0c85\" data-element_type=\"section\" data-settings=\"{&quot;background_background&quot;:&quot;classic&quot;,&quot;shape_divider_top&quot;:&quot;opacity-fan&quot;}\">\n\t\t\t\t\t<div class=\"elementor-shape elementor-shape-top\" data-negative=\"false\">\n\t\t\t<svg xmlns=\"http:\/\/www.w3.org\/2000\/svg\" viewBox=\"0 0 283.5 19.6\" preserveAspectRatio=\"none\">\n\t<path class=\"elementor-shape-fill\" style=\"opacity:0.33\" d=\"M0 0L0 18.8 141.8 4.1 283.5 18.8 283.5 0z\"\/>\n\t<path class=\"elementor-shape-fill\" style=\"opacity:0.33\" d=\"M0 0L0 12.6 141.8 4 283.5 12.6 283.5 0z\"\/>\n\t<path class=\"elementor-shape-fill\" style=\"opacity:0.33\" d=\"M0 0L0 6.4 141.8 4 283.5 6.4 283.5 0z\"\/>\n\t<path class=\"elementor-shape-fill\" d=\"M0 0L0 1.2 141.8 4 283.5 1.2 283.5 0z\"\/>\n<\/svg>\t\t<\/div>\n\t\t\t\t\t<div class=\"elementor-container elementor-column-gap-default\">\n\t\t\t\t\t<div class=\"elementor-column elementor-col-100 elementor-top-column elementor-element elementor-element-d852d0f\" data-id=\"d852d0f\" data-element_type=\"column\">\n\t\t\t<div class=\"elementor-widget-wrap elementor-element-populated\">\n\t\t\t\t\t\t<div class=\"elementor-element elementor-element-b0bfdfb elementor-widget elementor-widget-heading\" data-id=\"b0bfdfb\" data-element_type=\"widget\" data-widget_type=\"heading.default\">\n\t\t\t\t<div class=\"elementor-widget-container\">\n\t\t\t<h1 class=\"elementor-heading-title elementor-size-default\">Nosotros<\/h1>\t\t<\/div>\n\t\t\t\t<\/div>\n\t\t\t\t\t<\/div>\n\t\t<\/div>\n\t\t\t\t\t<\/div>\n\t\t<\/section>\n\t\t\t\t<section data-particle_enable=\"false\" data-particle-mobile-disabled=\"false\" class=\"elementor-section elementor-top-section elementor-element elementor-element-ae36099 elementor-section-full_width lazyelementorbackgroundimages elementor-section-height-default elementor-section-height-default\" data-id=\"ae36099\" data-element_type=\"section\" data-settings=\"{&quot;background_background&quot;:&quot;classic&quot;}\">\n\t\t\t\t\t\t<div class=\"elementor-container elementor-column-gap-default\">\n\t\t\t\t\t<div class=\"elementor-column elementor-col-100 elementor-top-column elementor-element elementor-element-169de32\" data-id=\"169de32\" data-element_type=\"column\">\n\t\t\t<div class=\"elementor-widget-wrap elementor-element-populated\">\n\t\t\t\t\t\t<div class=\"elementor-element elementor-element-432635f elementor-widget__width-inherit elementor-absolute elementor-hidden-tablet elementor-hidden-phone elementor-widget elementor-widget-image\" data-id=\"432635f\" data-element_type=\"widget\" data-settings=\"{&quot;_position&quot;:&quot;absolute&quot;}\" data-widget_type=\"image.default\">\n\t\t\t\t<div class=\"elementor-widget-container\">\n\t\t\t\t\t\t\t\t\t\t\t\t\t<img fetchpriority=\"high\" decoding=\"async\" width=\"768\" height=\"528\" src=\"https:\/\/leonardoai.es\/wp_tr24\/wp-content\/uploads\/2024\/11\/limpieza_ultrasonidos-1-768x528.jpg\" class=\"attachment-medium_large size-medium_large wp-image-13644 wvs-archive-product-image\" alt=\"limpieza ultrasonidos 1 768x528 - Nosotros\" srcset=\"https:\/\/leonardoai.es\/wp_tr24\/wp-content\/uploads\/2024\/11\/limpieza_ultrasonidos-1-768x528.jpg 768w, https:\/\/leonardoai.es\/wp_tr24\/wp-content\/uploads\/2024\/11\/limpieza_ultrasonidos-1-300x206.jpg 300w, https:\/\/leonardoai.es\/wp_tr24\/wp-content\/uploads\/2024\/11\/limpieza_ultrasonidos-1-510x351.jpg 510w, https:\/\/leonardoai.es\/wp_tr24\/wp-content\/uploads\/2024\/11\/limpieza_ultrasonidos-1.jpg 1000w\" sizes=\"(max-width: 768px) 100vw, 768px\" title=\"Nosotros\" \/>\t\t\t\t\t\t\t\t\t\t\t\t\t<\/div>\n\t\t\t\t<\/div>\n\t\t\t\t<section data-particle_enable=\"false\" data-particle-mobile-disabled=\"false\" class=\"elementor-section elementor-inner-section elementor-element elementor-element-a534d7e elementor-section-boxed elementor-section-height-default elementor-section-height-default\" data-id=\"a534d7e\" data-element_type=\"section\">\n\t\t\t\t\t\t<div class=\"elementor-container elementor-column-gap-default\">\n\t\t\t\t\t<div class=\"elementor-column elementor-col-100 elementor-inner-column elementor-element elementor-element-b247eea\" data-id=\"b247eea\" data-element_type=\"column\" data-settings=\"{&quot;background_background&quot;:&quot;classic&quot;}\">\n\t\t\t<div class=\"elementor-widget-wrap elementor-element-populated\">\n\t\t\t\t\t\t<div class=\"elementor-element elementor-element-b6dac93 elementor-widget__width-initial elementor-widget elementor-widget-text-editor\" data-id=\"b6dac93\" data-element_type=\"widget\" data-widget_type=\"text-editor.default\">\n\t\t\t\t<div class=\"elementor-widget-container\">\n\t\t\t\t\t\t\t<p>Turbo Recycle somos una empresa dedicada al mundo del turbocompresor, nacida para satisfacer todas las necesidades de nuestros clientes. Para ello contamos con profesionales altamente cualificados como nuestro jefe t\u00e9cnico con mas de 10 a\u00f1os de experiencia en el sector del autom\u00f3vil, el cual a trabajado para las mejores marcas del sector.<\/p><p>Tenemos todo lo necesario para cubrir sus necesidades: turbos reconstruidos de intercambio, turbos nuevos, cartuchos CHRA, geometr\u00edas\u2026 .<\/p><p>Todos los productos de Turbo Recycle han superado numerosos controles de calidad con el fin de poder garantizar a nuestros clientes la calidad de nuestro producto sin dejar de lado unas tarifas altamente competitivas en el mercado.<\/p><p>En Turbo Recycle tenemos a su disposici\u00f3n un amplio cat\u00e1logo con una completa base de datos sobre turbocompresores y piezas para el turbo, divididas por modelo y marca de veh\u00edculo, en la cual podr\u00e1 encontrar r\u00e1pida y c\u00f3modamente el producto que cubra sus necesidades.<\/p>\t\t\t\t\t\t<\/div>\n\t\t\t\t<\/div>\n\t\t\t\t\t<\/div>\n\t\t<\/div>\n\t\t\t\t\t<\/div>\n\t\t<\/section>\n\t\t\t\t<div class=\"elementor-element elementor-element-9cf332f elementor-absolute elementor-hidden-tablet elementor-hidden-phone lazyelementorbackgroundimages elementor-widget__width-initial elementor-widget elementor-widget-spacer\" data-id=\"9cf332f\" data-element_type=\"widget\" data-settings=\"{&quot;_position&quot;:&quot;absolute&quot;}\" data-widget_type=\"spacer.default\">\n\t\t\t\t<div class=\"elementor-widget-container\">\n\t\t\t\t\t<div class=\"elementor-spacer\">\n\t\t\t<div class=\"elementor-spacer-inner\"><\/div>\n\t\t<\/div>\n\t\t\t\t<\/div>\n\t\t\t\t<\/div>\n\t\t\t\t\t<\/div>\n\t\t<\/div>\n\t\t\t\t\t<\/div>\n\t\t<\/section>\n\t\t\t\t<\/div>\n\t\t","protected":false},"excerpt":{"rendered":"<p>Turbos Intercambio, Turbos reconstruidos, Turbos Nuevos, Cartuchos CHRA, turbocompresor, reparacion de turbos, turbos baratos, turbos low cost, reparar turbo, Turbos madrid, turbos murcia, turbos alicante, turbos toledo, turbos sevilla, turbos valencia, turbos asturias, turbos levante, turbos extremadura, turbos badajoz, turbos caceres, turbos cadiz, turbos almeria, turbos malaga, turbos granada, turbos cordoba, turbos barcelona, turbos bilbao, turbos pais vasco, turbos galicia,turbos leon, turbos castilla, turbo alfa romeo, turbo audi, turbo bmw, turbo chevrolet, turbo chrysler, turbo citroen, turbo dodge, turbo fiat, turbo ford, turbo hyundai, turbo isuzu, turbo iveco, turbo jaguar, turbo jeep, turbo kia, turbo lancia, turbo land rover, turbo lotus, turbo mazda, turbo mercedes, turbo mini, turbo mitsubishi, turbo nissan, turbo opel, turbo peugeot, turbo porsche, turbo renault, turbo saab, turbo seat, turbo skoda, turbo smart, turbo ssangyong, turbo subaru, turbo suzuki, turbo tata, turbo toyota, turbo volkswagen, turbo volvo, garrett, kkk, ihi, holset, comprar turbo, vender turbo,<\/p>\n","protected":false},"author":1,"featured_media":0,"parent":0,"menu_order":1,"comment_status":"closed","ping_status":"closed","template":"","meta":{"_acf_changed":false,"_monsterinsights_skip_tracking":false,"_monsterinsights_sitenote_active":false,"_monsterinsights_sitenote_note":"","_monsterinsights_sitenote_category":0,"footnotes":""},"class_list":["post-129","page","type-page","status-publish","hentry"],"acf":[],"_links":{"self":[{"href":"https:\/\/leonardoai.es\/wp_tr24\/wp-json\/wp\/v2\/pages\/129","targetHints":{"allow":["GET"]}}],"collection":[{"href":"https:\/\/leonardoai.es\/wp_tr24\/wp-json\/wp\/v2\/pages"}],"about":[{"href":"https:\/\/leonardoai.es\/wp_tr24\/wp-json\/wp\/v2\/types\/page"}],"author":[{"embeddable":true,"href":"https:\/\/leonardoai.es\/wp_tr24\/wp-json\/wp\/v2\/users\/1"}],"replies":[{"embeddable":true,"href":"https:\/\/leonardoai.es\/wp_tr24\/wp-json\/wp\/v2\/comments?post=129"}],"version-history":[{"count":47,"href":"https:\/\/leonardoai.es\/wp_tr24\/wp-json\/wp\/v2\/pages\/129\/revisions"}],"predecessor-version":[{"id":13847,"href":"https:\/\/leonardoai.es\/wp_tr24\/wp-json\/wp\/v2\/pages\/129\/revisions\/13847"}],"wp:attachment":[{"href":"https:\/\/leonardoai.es\/wp_tr24\/wp-json\/wp\/v2\/media?parent=129"}],"curies":[{"name":"wp","href":"https:\/\/api.w.org\/{rel}","templated":true}]}}