{"id":131,"date":"2015-01-01T21:38:52","date_gmt":"2015-01-01T21:38:52","guid":{"rendered":"https:\/\/leonardoai.es\/wp_tr24\/?page_id=131"},"modified":"2025-05-05T16:52:51","modified_gmt":"2025-05-05T16:52:51","slug":"productos","status":"publish","type":"page","link":"https:\/\/leonardoai.es\/wp_tr24\/productos\/","title":{"rendered":"Productos"},"content":{"rendered":"\t\t<div data-elementor-type=\"wp-page\" data-elementor-id=\"131\" class=\"elementor elementor-131\" data-elementor-post-type=\"page\">\n\t\t\t\t\t\t<section data-particle_enable=\"false\" data-particle-mobile-disabled=\"false\" class=\"elementor-section elementor-top-section elementor-element elementor-element-33d66b46 elementor-section-full_width elementor-section-stretched elementor-section-height-default elementor-section-height-default\" data-id=\"33d66b46\" data-element_type=\"section\" data-settings=\"{&quot;stretch_section&quot;:&quot;section-stretched&quot;}\">\n\t\t\t\t\t\t<div class=\"elementor-container elementor-column-gap-default\">\n\t\t\t\t\t<div class=\"elementor-column elementor-col-100 elementor-top-column elementor-element elementor-element-3e104e81\" data-id=\"3e104e81\" data-element_type=\"column\">\n\t\t\t<div class=\"elementor-widget-wrap elementor-element-populated\">\n\t\t\t\t\t\t<div class=\"elementor-element elementor-element-05db323 elementor-widget elementor-widget-heading\" data-id=\"05db323\" data-element_type=\"widget\" data-widget_type=\"heading.default\">\n\t\t\t\t<div class=\"elementor-widget-container\">\n\t\t\t<h1 class=\"elementor-heading-title elementor-size-default\">Productos<\/h1>\t\t<\/div>\n\t\t\t\t<\/div>\n\t\t\t\t<section data-particle_enable=\"false\" data-particle-mobile-disabled=\"false\" class=\"elementor-section elementor-inner-section elementor-element elementor-element-8d7c7aa elementor-section-boxed elementor-section-height-default elementor-section-height-default\" data-id=\"8d7c7aa\" data-element_type=\"section\">\n\t\t\t\t\t\t<div class=\"elementor-container elementor-column-gap-default\">\n\t\t\t\t\t<div class=\"elementor-column elementor-col-100 elementor-inner-column elementor-element elementor-element-b031d31\" data-id=\"b031d31\" data-element_type=\"column\">\n\t\t\t<div class=\"elementor-widget-wrap elementor-element-populated\">\n\t\t\t\t\t\t<div class=\"elementor-element elementor-element-fdbde41 elementor-widget__width-initial elementor-widget elementor-widget-text-editor\" data-id=\"fdbde41\" data-element_type=\"widget\" data-widget_type=\"text-editor.default\">\n\t\t\t\t<div class=\"elementor-widget-container\">\n\t\t\t\t\t\t\t<p>Bienvenido a nuestra p\u00e1gina de productos. En <strong>Turbo Recycle<\/strong>, nos especializamos en ofrecer soluciones de alta calidad para turbocompresores, con un enfoque en la sostenibilidad, la precisi\u00f3n t\u00e9cnica y la satisfacci\u00f3n del cliente.<\/p>\n<p>A continuaci\u00f3n, presentamos nuestras principales opciones de productos y servicios.<\/p>\t\t\t\t\t\t<\/div>\n\t\t\t\t<\/div>\n\t\t\t\t<div class=\"elementor-element elementor-element-71130f7 elementor-widget elementor-widget-menu-anchor\" data-id=\"71130f7\" data-element_type=\"widget\" data-widget_type=\"menu-anchor.default\">\n\t\t\t\t<div class=\"elementor-widget-container\">\n\t\t\t\t\t<div class=\"elementor-menu-anchor\" id=\"turbosnuevos\"><\/div>\n\t\t\t\t<\/div>\n\t\t\t\t<\/div>\n\t\t\t\t<div class=\"elementor-element elementor-element-d6cde2b elementor-widget elementor-widget-eael-adv-tabs\" data-id=\"d6cde2b\" data-element_type=\"widget\" data-widget_type=\"eael-adv-tabs.default\">\n\t\t\t\t<div class=\"elementor-widget-container\">\n\t\t\t        <div data-scroll-on-click=\"no\" data-scroll-speed=\"300\" id=\"eael-advance-tabs-d6cde2b\" class=\"eael-advance-tabs eael-tabs-horizontal eael-tab-auto-active \" data-tabid=\"d6cde2b\">\n            <div class=\"eael-tabs-nav\">\n                <ul class=\"eael-tab-inline-icon\" role=\"tablist\">\n                                            <li id=\"turbos-nuevos\" class=\"inactive eael-tab-item-trigger eael-tab-nav-item\" aria-selected=\"true\" data-tab=\"1\" role=\"tab\" tabindex=\"0\" aria-controls=\"turbos-nuevos-tab\" aria-expanded=\"false\">\n                            \n                                                        \n                                                            <span class=\"eael-tab-title title-after-icon\" >Turbos Nuevos<\/span>                            \n                                                    <\/li>\n                                    <\/ul>\n            <\/div>\n            \n            <div class=\"eael-tabs-content\">\n\t\t        \n                    <div id=\"turbos-nuevos-tab\" class=\"clearfix eael-tab-content-item inactive\" data-title-link=\"turbos-nuevos-tab\">\n\t\t\t\t        <p>Los <strong>turbos nuevos<\/strong> son la opci\u00f3n ideal para quienes buscan el m\u00e1ximo rendimiento y fiabilidad.<img fetchpriority=\"high\" decoding=\"async\" class=\" wp-image-14101 alignright\" src=\"https:\/\/leonardoai.es\/wp_tr24\/wp-content\/uploads\/2024\/11\/garrett-300x225.jpg\" alt=\"\" width=\"368\" height=\"276\" srcset=\"https:\/\/leonardoai.es\/wp_tr24\/wp-content\/uploads\/2024\/11\/garrett-300x225.jpg 300w, https:\/\/leonardoai.es\/wp_tr24\/wp-content\/uploads\/2024\/11\/garrett.jpg 500w\" sizes=\"(max-width: 368px) 100vw, 368px\" \/><\/p><ul><li><p><strong>Caracter\u00edsticas<\/strong>:<\/p><ul><li>Productos de marcas originales.<\/li><li>Disponibilidad inmediata gracias a nuestro amplio stock.<\/li><li>Garant\u00eda de 2 a\u00f1o en todos los turbocompresores nuevos.<\/li><\/ul><\/li><li><p><strong>Ventajas<\/strong>:<\/p><ul><li>Soluci\u00f3n lista para instalar sin necesidad de adaptaciones adicionales.<\/li><li>M\u00e1xima compatibilidad con las especificaciones del fabricante.<\/li><\/ul><\/li><\/ul><p>Para m\u00e1s informaci\u00f3n o ayuda, no dude en contactarnos al <strong>914 850 683<\/strong>. \u00a1Estamos aqu\u00ed para ayudarle!<\/p>                    <\/div>\n\t\t                    <\/div>\n        <\/div>\n\t\t<\/div>\n\t\t\t\t<\/div>\n\t\t\t\t<div class=\"elementor-element elementor-element-1eceeca elementor-widget elementor-widget-menu-anchor\" data-id=\"1eceeca\" data-element_type=\"widget\" data-widget_type=\"menu-anchor.default\">\n\t\t\t\t<div class=\"elementor-widget-container\">\n\t\t\t\t\t<div class=\"elementor-menu-anchor\" id=\"turbosintercambio\"><\/div>\n\t\t\t\t<\/div>\n\t\t\t\t<\/div>\n\t\t\t\t<div class=\"elementor-element elementor-element-69e4d4a elementor-widget elementor-widget-eael-adv-tabs\" data-id=\"69e4d4a\" data-element_type=\"widget\" data-widget_type=\"eael-adv-tabs.default\">\n\t\t\t\t<div class=\"elementor-widget-container\">\n\t\t\t        <div data-scroll-on-click=\"no\" data-scroll-speed=\"300\" id=\"eael-advance-tabs-69e4d4a\" class=\"eael-advance-tabs eael-tabs-horizontal eael-tab-auto-active \" data-tabid=\"69e4d4a\">\n            <div class=\"eael-tabs-nav\">\n                <ul class=\"eael-tab-inline-icon\" role=\"tablist\">\n                                            <li id=\"turbos-de-intercambio-reconstruidos\" class=\"inactive eael-tab-item-trigger eael-tab-nav-item\" aria-selected=\"true\" data-tab=\"1\" role=\"tab\" tabindex=\"0\" aria-controls=\"turbos-de-intercambio-reconstruidos-tab\" aria-expanded=\"false\">\n                            \n                                                        \n                                                            <span class=\"eael-tab-title title-after-icon\" >Turbos de Intercambio (Reconstruidos)<\/span>                            \n                                                    <\/li>\n                                    <\/ul>\n            <\/div>\n            \n            <div class=\"eael-tabs-content\">\n\t\t        \n                    <div id=\"turbos-de-intercambio-reconstruidos-tab\" class=\"clearfix eael-tab-content-item inactive\" data-title-link=\"turbos-de-intercambio-reconstruidos-tab\">\n\t\t\t\t        <p>Los <strong>turbos de intercambio<\/strong> combinan sostenibilidad, econom\u00eda y alta calidad, siendo una soluci\u00f3n perfecta para reemplazar turbos da\u00f1ados.<\/p><h4><strong>\u00bfQu\u00e9 es un Turbo de Intercambio?<\/strong><\/h4><p>Un turbo de intercambio es un turbocompresor reacondicionado, que conserva \u00fanicamente las carcasas del turbo antiguo. El n\u00facleo, la geometr\u00eda variable y la electr\u00f3nica son completamente nuevos.<\/p><h4><strong>Proceso de Reconstrucci\u00f3n<\/strong>:<\/h4><ol><li><strong>Inspecci\u00f3n detallada<\/strong> para diagnosticar el origen de la aver\u00eda.<\/li><li>Sustituci\u00f3n de piezas da\u00f1adas por componentes nuevos.<\/li><li>Pruebas en banco de equilibrio para garantizar un rendimiento \u00f3ptimo seg\u00fan los est\u00e1ndares del fabricante.<\/li><\/ol><h4><strong>Ventajas<\/strong>:<\/h4><ul><li>Soluci\u00f3n <strong>econ\u00f3mica y sostenible<\/strong>.<\/li><li><strong>Rendimiento como nuevo<\/strong>, garantizado durante 2 a\u00f1os.<\/li><li>Disponibilidad en <strong>stock inmediato<\/strong> con env\u00edo en 24 horas.<\/li><\/ul><p><strong>Importante<\/strong>:<br \/>La adquisici\u00f3n de un turbo de intercambio implica la entrega del turbo roto al recibir el nuevo. En caso de no entregar su turbo antiguo, se aplicar\u00e1 un coste adicional de <strong>100 \u20ac<\/strong>.<\/p><p>Para m\u00e1s informaci\u00f3n o ayuda, no dude en contactarnos al <strong>914 850 683<\/strong>. \u00a1Estamos aqu\u00ed para ayudarle!<\/p><p><img decoding=\"async\" class=\"alignnone wp-image-14125 size-medium\" src=\"https:\/\/leonardoai.es\/wp_tr24\/wp-content\/uploads\/2024\/11\/03-1-300x206.jpg\" alt=\"\" width=\"300\" height=\"206\" srcset=\"https:\/\/leonardoai.es\/wp_tr24\/wp-content\/uploads\/2024\/11\/03-1-300x206.jpg 300w, https:\/\/leonardoai.es\/wp_tr24\/wp-content\/uploads\/2024\/11\/03-1.jpg 500w\" sizes=\"(max-width: 300px) 100vw, 300px\" \/> <img decoding=\"async\" class=\"alignnone wp-image-14083 size-medium\" src=\"https:\/\/leonardoai.es\/wp_tr24\/wp-content\/uploads\/2024\/11\/02-300x206.jpg\" alt=\"\" width=\"300\" height=\"206\" srcset=\"https:\/\/leonardoai.es\/wp_tr24\/wp-content\/uploads\/2024\/11\/02-300x206.jpg 300w, https:\/\/leonardoai.es\/wp_tr24\/wp-content\/uploads\/2024\/11\/02.jpg 500w\" sizes=\"(max-width: 300px) 100vw, 300px\" \/> <img loading=\"lazy\" decoding=\"async\" class=\"alignnone wp-image-14121 size-medium\" src=\"https:\/\/leonardoai.es\/wp_tr24\/wp-content\/uploads\/2024\/11\/01-1-300x206.jpg\" alt=\"\" width=\"300\" height=\"206\" srcset=\"https:\/\/leonardoai.es\/wp_tr24\/wp-content\/uploads\/2024\/11\/01-1-300x206.jpg 300w, https:\/\/leonardoai.es\/wp_tr24\/wp-content\/uploads\/2024\/11\/01-1.jpg 500w\" sizes=\"(max-width: 300px) 100vw, 300px\" \/><\/p>                    <\/div>\n\t\t                    <\/div>\n        <\/div>\n\t\t<\/div>\n\t\t\t\t<\/div>\n\t\t\t\t<div class=\"elementor-element elementor-element-2027697 elementor-widget elementor-widget-menu-anchor\" data-id=\"2027697\" data-element_type=\"widget\" data-widget_type=\"menu-anchor.default\">\n\t\t\t\t<div class=\"elementor-widget-container\">\n\t\t\t\t\t<div class=\"elementor-menu-anchor\" id=\"cartuchoschra\"><\/div>\n\t\t\t\t<\/div>\n\t\t\t\t<\/div>\n\t\t\t\t<div class=\"elementor-element elementor-element-dd0989c elementor-widget elementor-widget-eael-adv-tabs\" data-id=\"dd0989c\" data-element_type=\"widget\" data-widget_type=\"eael-adv-tabs.default\">\n\t\t\t\t<div class=\"elementor-widget-container\">\n\t\t\t        <div data-scroll-on-click=\"no\" data-scroll-speed=\"300\" id=\"eael-advance-tabs-dd0989c\" class=\"eael-advance-tabs eael-tabs-horizontal eael-tab-auto-active \" data-tabid=\"dd0989c\">\n            <div class=\"eael-tabs-nav\">\n                <ul class=\"eael-tab-inline-icon\" role=\"tablist\">\n                                            <li id=\"cartuchos-chra\" class=\"inactive eael-tab-item-trigger eael-tab-nav-item\" aria-selected=\"true\" data-tab=\"1\" role=\"tab\" tabindex=\"0\" aria-controls=\"cartuchos-chra-tab\" aria-expanded=\"false\">\n                            \n                                                        \n                                                            <span class=\"eael-tab-title title-after-icon\" >Cartuchos CHRA<\/span>                            \n                                                    <\/li>\n                                    <\/ul>\n            <\/div>\n            \n            <div class=\"eael-tabs-content\">\n\t\t        \n                    <div id=\"cartuchos-chra-tab\" class=\"clearfix eael-tab-content-item inactive\" data-title-link=\"cartuchos-chra-tab\">\n\t\t\t\t        <p>El <strong>cartucho CHRA<\/strong> (Core Assembly) es el n\u00facleo del turbocompresor, esencial para su funcionamiento.<\/p><h4><strong>Caracter\u00edsticas del Cartucho CHRA<\/strong>:<\/h4><ul><li>Incluye componentes como:<ul><li>Rueda compresora.<\/li><li>Eje de la turbina.<\/li><li>Cuerpo central y elementos internos (bujes, anillos, seguros).<\/li><\/ul><\/li><li>Fabricados con materiales de alta calidad para garantizar la durabilidad y el rendimiento.<\/li><\/ul><h4><strong>Disponibilidad<\/strong>:<\/h4><ul><li>Amplio stock de cartuchos CHRA compatibles con una gran variedad de veh\u00edculos.<\/li><li>Consulte nuestro cat\u00e1logo online para encontrar el modelo adecuado para su coche.<\/li><\/ul><h4><strong>Ventajas<\/strong>:<\/h4><ul><li>Ideal para reparar turbos da\u00f1ados.<\/li><li>Garant\u00eda de <strong>1 a\u00f1o<\/strong> en todos los cartuchos.<\/li><li>Proceso de prueba din\u00e1mico antes de la entrega para asegurar la m\u00e1xima fiabilidad.<\/li><\/ul><p>Para m\u00e1s informaci\u00f3n o ayuda, no dude en contactarnos al\u00a0<strong>914 850 683<\/strong>. \u00a1Estamos aqu\u00ed para ayudarle!<\/p><p><img loading=\"lazy\" decoding=\"async\" class=\"alignnone wp-image-14136 size-large\" src=\"https:\/\/leonardoai.es\/wp_tr24\/wp-content\/uploads\/2024\/11\/march-1024x708.jpg\" alt=\"\" width=\"1024\" height=\"708\" srcset=\"https:\/\/leonardoai.es\/wp_tr24\/wp-content\/uploads\/2024\/11\/march-1024x708.jpg 1024w, https:\/\/leonardoai.es\/wp_tr24\/wp-content\/uploads\/2024\/11\/march-300x207.jpg 300w, https:\/\/leonardoai.es\/wp_tr24\/wp-content\/uploads\/2024\/11\/march-768x531.jpg 768w, https:\/\/leonardoai.es\/wp_tr24\/wp-content\/uploads\/2024\/11\/march-1536x1062.jpg 1536w, https:\/\/leonardoai.es\/wp_tr24\/wp-content\/uploads\/2024\/11\/march-1000x691.jpg 1000w, https:\/\/leonardoai.es\/wp_tr24\/wp-content\/uploads\/2024\/11\/march.jpg 1700w\" sizes=\"(max-width: 1024px) 100vw, 1024px\" \/><\/p>                    <\/div>\n\t\t                    <\/div>\n        <\/div>\n\t\t<\/div>\n\t\t\t\t<\/div>\n\t\t\t\t\t<\/div>\n\t\t<\/div>\n\t\t\t\t\t<\/div>\n\t\t<\/section>\n\t\t\t\t\t<\/div>\n\t\t<\/div>\n\t\t\t\t\t<\/div>\n\t\t<\/section>\n\t\t\t\t<\/div>\n\t\t","protected":false},"excerpt":{"rendered":"<p>Turbos Intercambio, Turbos reconstruidos, Turbos Nuevos, Cartuchos CHRA, turbocompresor, reparacion de turbos, turbos baratos, turbos low cost, reparar turbo, Turbos madrid, turbos murcia, turbos alicante, turbos toledo, turbos sevilla, turbos valencia, turbos asturias, turbos levante, turbos extremadura, turbos badajoz, turbos caceres, turbos cadiz, turbos almeria, turbos malaga, turbos granada, turbos cordoba, turbos barcelona, turbos bilbao, turbos pais vasco, turbos galicia,turbos leon, turbos castilla, turbo alfa romeo, turbo audi, turbo bmw, turbo chevrolet, turbo chrysler, turbo citroen, turbo dodge, turbo fiat, turbo ford, turbo hyundai, turbo isuzu, turbo iveco, turbo jaguar, turbo jeep, turbo kia, turbo lancia, turbo land rover, turbo lotus, turbo mazda, turbo mercedes, turbo mini, turbo mitsubishi, turbo nissan, turbo opel, turbo peugeot, turbo porsche, turbo renault, turbo saab, turbo seat, turbo skoda, turbo smart, turbo ssangyong, turbo subaru, turbo suzuki, turbo tata, turbo toyota, turbo volkswagen, turbo volvo, garrett, kkk, ihi, holset, comprar turbo, vender turbo,<\/p>\n","protected":false},"author":1,"featured_media":0,"parent":0,"menu_order":2,"comment_status":"closed","ping_status":"closed","template":"","meta":{"_acf_changed":false,"_monsterinsights_skip_tracking":false,"_monsterinsights_sitenote_active":false,"_monsterinsights_sitenote_note":"","_monsterinsights_sitenote_category":0,"footnotes":""},"class_list":["post-131","page","type-page","status-publish","hentry"],"acf":[],"_links":{"self":[{"href":"https:\/\/leonardoai.es\/wp_tr24\/wp-json\/wp\/v2\/pages\/131","targetHints":{"allow":["GET"]}}],"collection":[{"href":"https:\/\/leonardoai.es\/wp_tr24\/wp-json\/wp\/v2\/pages"}],"about":[{"href":"https:\/\/leonardoai.es\/wp_tr24\/wp-json\/wp\/v2\/types\/page"}],"author":[{"embeddable":true,"href":"https:\/\/leonardoai.es\/wp_tr24\/wp-json\/wp\/v2\/users\/1"}],"replies":[{"embeddable":true,"href":"https:\/\/leonardoai.es\/wp_tr24\/wp-json\/wp\/v2\/comments?post=131"}],"version-history":[{"count":105,"href":"https:\/\/leonardoai.es\/wp_tr24\/wp-json\/wp\/v2\/pages\/131\/revisions"}],"predecessor-version":[{"id":14806,"href":"https:\/\/leonardoai.es\/wp_tr24\/wp-json\/wp\/v2\/pages\/131\/revisions\/14806"}],"wp:attachment":[{"href":"https:\/\/leonardoai.es\/wp_tr24\/wp-json\/wp\/v2\/media?parent=131"}],"curies":[{"name":"wp","href":"https:\/\/api.w.org\/{rel}","templated":true}]}}