{"id":585,"date":"2015-01-18T12:18:54","date_gmt":"2015-01-18T12:18:54","guid":{"rendered":"https:\/\/leonardoai.es\/wp_tr24\/?page_id=585"},"modified":"2015-01-18T12:36:18","modified_gmt":"2015-01-18T12:36:18","slug":"aviso-legal","status":"publish","type":"page","link":"https:\/\/leonardoai.es\/wp_tr24\/aviso-legal\/","title":{"rendered":"Aviso legal"},"content":{"rendered":"<p>[et_pb_section][et_pb_row][et_pb_column type=\u00bb4_4&#8243;][et_pb_text admin_label=\u00bbText\u00bb background_layout=\u00bblight\u00bb text_orientation=\u00bbleft\u00bb]<\/p>\n<p style=\"text-align: center;\" align=\"JUSTIFY\"><strong>AVISO LEGAL<\/strong><\/p>\n<p align=\"JUSTIFY\">\n<p align=\"JUSTIFY\"><b>1. Aceptaci\u00f3n de las Condiciones de Uso<\/b><\/p>\n<p align=\"JUSTIFY\">El acceso a la Web https:\/\/leonardoai.es\/wp_tr24 exige la aceptaci\u00f3n de las condiciones de uso que en cada momento se encuentren vigentes en \u00e9sta Web.<\/p>\n<p align=\"JUSTIFY\"><b>2. Propiedad Intelectual<\/b><\/p>\n<p align=\"JUSTIFY\">El c\u00f3digo fuente, los dise\u00f1os gr\u00e1ficos, las animaciones, el software, los textos, as\u00ed como la informaci\u00f3n y los contenidos que se recogen en https:\/\/leonardoai.es\/wp_tr24 est\u00e1n protegidos por la legislaci\u00f3n espa\u00f1ola sobre los derechos de propiedad intelectual e industrial a favor de Asesoramiento en la Compra de Autom\u00f3viles y Servicios, S.L., y no se permite, la reproducci\u00f3n total o parcial de \u00e9sta Web, ni su tratamiento inform\u00e1tico, comunicaci\u00f3n p\u00fablica, distribuci\u00f3n, difusi\u00f3n, modificaci\u00f3n, transformaci\u00f3n o descompilaci\u00f3n, sin el permiso previo y por escrito de su titular, Asesoramiento en la Compra de Autom\u00f3viles y Servicios, S.L.<\/p>\n<p align=\"JUSTIFY\">El usuario, \u00fanica y exclusivamente podr\u00e1 utilizar el material que aparezca en \u00e9sta Web para su uso personal y privado, quedando prohibida su utilizaci\u00f3n con fines comerciales o para incurrir en actividades il\u00edcitas. Todos los derechos derivados de la propiedad intelectual est\u00e1n expresamente reservados por Asesoramiento en la Compra de Autom\u00f3viles y Servicios, S.L.<\/p>\n<p align=\"JUSTIFY\">Asesoramiento en la Compra de Autom\u00f3viles y Servicios, S.L. velar\u00e1 por el cumplimiento de las anteriores condiciones y para la debida utilizaci\u00f3n de los contenidos presentados en su portal, ejercitando todas las acciones civiles y penales que le correspondan en el caso de infracci\u00f3n o incumplimiento de \u00e9stos derechos por parte del usuario.<\/p>\n<p align=\"JUSTIFY\"><b>3. Protecci\u00f3n de Datos de Car\u00e1cter Personal<\/b><\/p>\n<p align=\"JUSTIFY\">Los Datos Personales obtenidos mediante el registro de usuarios ser\u00e1n incorporados a los correspondientes ficheros registrados en la Agencia Espa\u00f1ola de Protecci\u00f3n de Datos, de los cuales la titularidad corresponde a Asesoramiento en la Compra de Autom\u00f3viles y Servicios, S.L. y cuya finalidad es el mantenimiento de la relaci\u00f3n comercial as\u00ed como el env\u00edo de boletines de noticias y de nuevos productos.<\/p>\n<p align=\"JUSTIFY\">Asesoramiento en la Compra de Autom\u00f3viles y Servicios, S.L. ha tomado las medidas de \u00edndole t\u00e9cnica y organizativa necesarias para garantizar la seguridad de los datos y evitar su alteraci\u00f3n, perdida, tratamiento o acceso no autorizado, teniendo en cuenta el estado de la tecnolog\u00eda, la naturaleza de los datos almacenados y los riesgos a que se encuentran expuestos, ya provengan de la acci\u00f3n humana o del medio f\u00edsico o natural. Se adoptaran las medidas de \u00edndole t\u00e9cnicas y organizativas que persigan alcanzar los objetivos b\u00e1sicos en materia de seguridad, como son: la confidencialidad, entendida como la limitaci\u00f3n de acceso a la informaci\u00f3n por personas no autorizadas; la integridad, entendida como el mantenimiento de la informaci\u00f3n fiable y con calidad, y la disponibilidad, entendida como la garant\u00eda de acceso al Sistema de Informaci\u00f3n por la solicitud de un usuario autorizado.<\/p>\n<p align=\"JUSTIFY\"><b>4. Cookies<\/b><\/p>\n<p align=\"JUSTIFY\">Las cookies son peque\u00f1os archivos que nuestro ordenador trasmite al suyo, pero que no nos proporcionan informaci\u00f3n ni sobre su nombre, ni sobre cualquier otro dato de car\u00e1cter personal. El uso de cookies en la Web https:\/\/leonardoai.es\/wp_tr24 se limita \u00fanica y exclusivamente a efectos de funcionamiento, seguridad y estad\u00edsticos. Las cookies que utilizamos no pueden leer datos de su ordenador ni leer las cookies que existieran en su ordenador de otras Web. Si quiere puede configurar su navegador para que le avise en pantalla que va ha recibir una cookie. Si el usuario decide que su ordenador no reciba \u00e9stas cookies, esto no impedir\u00e1 que se pueda acceder a la informaci\u00f3n de la p\u00e1gina <a href=\"https:\/\/leonardoai.es\/wp_tr24\/\">https:\/\/leonardoai.es\/wp_tr24<\/a> .<\/p>\n<p align=\"JUSTIFY\"><b>5. Limitaci\u00f3n de la Responsabilidad<\/b><\/p>\n<p align=\"JUSTIFY\">Asesoramiento en la Compra de Autom\u00f3viles y Servicios, S.L. no se responsabiliza de los posibles da\u00f1os o perjuicios que puedan suceder como consecuencia del uso de los contenidos de la Web, siendo de exclusiva responsabilidad del usuario que acceda a los mismos.<\/p>\n<p align=\"JUSTIFY\">En el mismo sentido, Asesoramiento en la Compra de Autom\u00f3viles y Servicios, S.L. no se responsabiliza de los posibles perjuicios que se puedan derivar del uso de una versi\u00f3n no actualizada o defectuosa del navegador, de interrupciones en la conexi\u00f3n que se produzcan durante la transmisi\u00f3n de datos, virus inform\u00e1ticos, aver\u00edas o desconexiones en el funcionamiento del sistema telem\u00e1tico, de bloqueos causados por deficiencias o sobrecargas de las l\u00edneas telef\u00f3nicas, as\u00ed como de da\u00f1os provocados por terceras personas mediante intromisiones no autorizadas.<\/p>\n<p align=\"JUSTIFY\">La Web de Asesoramiento en la Compra de Autom\u00f3viles y Servicios, S.L. contiene enlaces a otras Web que pueden resultar de inter\u00e9s para los usuarios. Asesoramiento en la Compra de Autom\u00f3viles y Servicios, S.L. no asume ninguna responsabilidad sobre \u00e9stos enlaces, sin que se pueda dar ninguna garant\u00eda en el cumplimiento de Pol\u00edticas de Privacidad adecuadas, motivo por el cual el usuario accede al contenido de las referidas Webs en las condiciones de uso que se fijen en las mismas y bajo su exclusiva responsabilidad.<\/p>\n<p align=\"JUSTIFY\">Asesoramiento en la Compra de Autom\u00f3viles y Servicios, S.L. no se hace responsable del incumplimiento de cualquier norma aplicable en que pueda incurrir el usuario en su acceso a la Web https:\/\/leonardoai.es\/wp_tr24 y\/o en el uso de las informaciones contenidas en ella.<\/p>\n<p align=\"JUSTIFY\">Asesoramiento en la Compra de Autom\u00f3viles y Servicios, S.L. se reserva el derecho a interrumpir o denegar discrecionalmente, en cualquier momento y sin necesidad de previo aviso, el acceso de cualquier usuario a los contenidos de acceso restringido, cuando concurran alguna de les circunstancias descritas.<\/p>\n<p align=\"JUSTIFY\"><b>6. Responsabilidad<\/b><\/p>\n<p align=\"JUSTIFY\">En definitiva, el usuario es el \u00fanico responsable del uso que realice de los servicios, contenidos, enlaces (links) e hipertextos incluidos en la Web <a href=\"https:\/\/leonardoai.es\/wp_tr24\/\">https:\/\/leonardoai.es\/wp_tr24<\/a> .<\/p>\n<p align=\"JUSTIFY\"><b>7. Pol\u00edtica de Privacidad<\/b><\/p>\n<p align=\"JUSTIFY\">Los Datos de Car\u00e1cter Personal recabados mediante los diferentes medios que Asesoramiento en la Compra de Autom\u00f3viles y Servicios, S.L., S.L. pone a disposici\u00f3n de los usuarios de la Web https:\/\/leonardoai.es\/wp_tr24 est\u00e1n sujetos a los t\u00e9rminos recogidos en nuestra Pol\u00edtica de Privacidad.<\/p>\n<p align=\"JUSTIFY\"><b>8. Reserva<\/b><\/p>\n<p align=\"JUSTIFY\">Asesoramiento en la Compra de Autom\u00f3viles y Servicios, S.L. se reserva la facultad en todo momento, sin necesidad de previo aviso, de efectuar modificaciones y actualizaciones de la informaci\u00f3n contenida en su Web o a la configuraci\u00f3n y presentaci\u00f3n de \u00e9sta. As\u00ed mismo se reserva el derecho a suspender temporalmente, y sin necesidad de previo aviso, la accesibilidad a la p\u00e1gina Web por razones de eventual necesidad y para efectuar operaciones de mantenimiento, reparaci\u00f3n o mejoras.<\/p>\n<p align=\"JUSTIFY\">Asesoramiento en la Compra de Autom\u00f3viles y Servicios, S.L. se reserva el derecho a incluir o retirar total o parcialmente de la Web, cualquier informaci\u00f3n a su exclusiva discreci\u00f3n.<\/p>\n<p align=\"JUSTIFY\"><b>9. Ley aplicable y Jurisdicci\u00f3n<\/b><\/p>\n<p align=\"JUSTIFY\">Para todas aquellas cuestiones que se puedan suscitar con motivo de interpretaci\u00f3n, ejecuci\u00f3n o eventual incumplimiento de las presentes condiciones de utilizaci\u00f3n, los usuarios, con renuncia a su propio aforamiento, y con independencia del lugar donde se suscite cualquier disputa, se someter\u00e1n expresamente a la competencia y jurisdicci\u00f3n de los juzgados y tribunales de Madrid.<\/p>\n<p align=\"JUSTIFY\">Las presentes condiciones se regir\u00e1n, en todo caso, por la legislaci\u00f3n espa\u00f1ola.<\/p>\n<p>[\/et_pb_text][\/et_pb_column][\/et_pb_row][\/et_pb_section]<\/p>\n","protected":false},"excerpt":{"rendered":"<p>[et_pb_section][et_pb_row][et_pb_column type=\u00bb4_4&#8243;][et_pb_text admin_label=\u00bbText\u00bb background_layout=\u00bblight\u00bb text_orientation=\u00bbleft\u00bb] AVISO LEGAL 1. Aceptaci\u00f3n de las Condiciones de Uso El acceso a la Web https:\/\/leonardoai.es\/wp_tr24&#8230;<\/p>\n","protected":false},"author":1,"featured_media":0,"parent":0,"menu_order":0,"comment_status":"closed","ping_status":"closed","template":"","meta":{"_acf_changed":false,"_monsterinsights_skip_tracking":false,"_monsterinsights_sitenote_active":false,"_monsterinsights_sitenote_note":"","_monsterinsights_sitenote_category":0,"footnotes":""},"class_list":["post-585","page","type-page","status-publish","hentry"],"acf":[],"_links":{"self":[{"href":"https:\/\/leonardoai.es\/wp_tr24\/wp-json\/wp\/v2\/pages\/585","targetHints":{"allow":["GET"]}}],"collection":[{"href":"https:\/\/leonardoai.es\/wp_tr24\/wp-json\/wp\/v2\/pages"}],"about":[{"href":"https:\/\/leonardoai.es\/wp_tr24\/wp-json\/wp\/v2\/types\/page"}],"author":[{"embeddable":true,"href":"https:\/\/leonardoai.es\/wp_tr24\/wp-json\/wp\/v2\/users\/1"}],"replies":[{"embeddable":true,"href":"https:\/\/leonardoai.es\/wp_tr24\/wp-json\/wp\/v2\/comments?post=585"}],"version-history":[{"count":4,"href":"https:\/\/leonardoai.es\/wp_tr24\/wp-json\/wp\/v2\/pages\/585\/revisions"}],"predecessor-version":[{"id":596,"href":"https:\/\/leonardoai.es\/wp_tr24\/wp-json\/wp\/v2\/pages\/585\/revisions\/596"}],"wp:attachment":[{"href":"https:\/\/leonardoai.es\/wp_tr24\/wp-json\/wp\/v2\/media?parent=585"}],"curies":[{"name":"wp","href":"https:\/\/api.w.org\/{rel}","templated":true}]}}