{"id":587,"date":"2015-01-18T12:19:15","date_gmt":"2015-01-18T12:19:15","guid":{"rendered":"https:\/\/leonardoai.es\/wp_tr24\/?page_id=587"},"modified":"2015-01-18T12:51:49","modified_gmt":"2015-01-18T12:51:49","slug":"privacidad","status":"publish","type":"page","link":"https:\/\/leonardoai.es\/wp_tr24\/privacidad\/","title":{"rendered":"Privacidad"},"content":{"rendered":"<p>[et_pb_section][et_pb_row][et_pb_column type=\u00bb4_4&#8243;][et_pb_text admin_label=\u00bbText\u00bb background_layout=\u00bblight\u00bb text_orientation=\u00bbleft\u00bb]<\/p>\n<p style=\"text-align: center;\" align=\"JUSTIFY\"><strong>POLITICA DE PRIVACIDAD<\/strong><\/p>\n<p align=\"JUSTIFY\">\n<p align=\"JUSTIFY\">A trav\u00e9s del presente aviso, Asesoramiento en la Compra de Autom\u00f3viles y Servicios, S.L., informa a los usuarios de la Web https:\/\/leonardoai.es\/wp_tr24, en cumplimiento del art\u00edculo 5 de la Ley 15\/1999, de 13 de diciembre, de Protecci\u00f3n de Datos, en relaci\u00f3n a su pol\u00edtica de protecci\u00f3n de datos personales con la finalidad que \u00e9stos decidan de forma expresa, libre y voluntaria, facilitar a Asesoramiento en la Compra de Autom\u00f3viles y Servicios, S.L. los datos personales que les son solicitados para la solicitud de compras, registro de usuarios o dem\u00e1s encargos derivados de los distintos servicios y productos ofertados, adem\u00e1s de consultas. Por tanto, se informa a los usuarios que los datos de car\u00e1cter personal facilitados ser\u00e1n incorporados a un fichero, debidamente inscrito en el Registro General de Protecci\u00f3n de Datos, del cual el titular y responsable es Asesoramineto en la Compra de Autom\u00f3viles y Servicios, S.L. (CIF B-85812725), con domicilio social en C\/ Jos\u00e9 Mar\u00eda Llanos, 21, 28822-Coslada (Madrid), llevando a cabo un tratamiento automatizado con la finalidad de mantener la relaci\u00f3n negocial as\u00ed como para recibir informaci\u00f3n comercial y publicitaria sobre nuevos productos, ofertas y servicios relacionados. Se considera necesario que todos los datos requeridos \u2013\u00e9stos se delimitar\u00e1n en funci\u00f3n de la contraprestaci\u00f3n- sean verdaderos, exactos y actualizados. En caso contrario, Asesoramiento en la Compra de Autom\u00f3viles y Servicios, S.L. podr\u00e1, dependiendo del caso, no proceder al registro del usuario, o bien denegar el servicio o producto concreto solicitado.<\/p>\n<p align=\"JUSTIFY\">De la misma manera, de conformidad con lo que se establece en el elenco normativo de protecci\u00f3n de datos, el usuario puede ejercer sus derechos de acceso, rectificaci\u00f3n, cancelaci\u00f3n y oposici\u00f3n, dirigiendo una comunicaci\u00f3n escrita a Asesoramiento en la Compra de Autom\u00f3viles y Servicios, S.L., a la direcci\u00f3n: C\/ Jos\u00e9 Mar\u00eda Llanos, 21, 28822-Coslada (Madrid), en la que acredite su identidad. La solicitud deber\u00e1 contener nombre, apellidos y fotocopia del DNI del interesado o de su representante legal, as\u00ed como documento acreditativo de la representaci\u00f3n, petici\u00f3n en la que se concrete la solicitud, domicilio a efectos de notificaciones, fecha y firma del solicitante y documentos acreditativos de la petici\u00f3n que formula. Si la solicitud no re\u00fane los requisitos especificados se requerir\u00e1 su reparaci\u00f3n. Respecto al derecho de acceso, \u00fanicamente se denegar\u00e1 cuando la solicitud no cumpla los requisitos anteriormente citados y no se acredite ning\u00fan inter\u00e9s leg\u00edtimo al efecto. No se exigir\u00e1 ninguna contraprestaci\u00f3n por el ejercicio de los derechos.<\/p>\n<p align=\"JUSTIFY\">Puede negarse a aceptar cookies activando la configuraci\u00f3n en su navegador que permite rechazar las cookies. No obstante, si selecciona esta configuraci\u00f3n, quiz\u00e1s no pueda acceder a determinadas partes del Sitio Web o no pueda aprovecharse de alguno de nuestros servicios. A menos que haya ajustado la configuraci\u00f3n de su navegador de forma que rechace cookies, nuestro sistema producir\u00e1 cookies cuando se conecte a nuestro sitio.<\/p>\n<p align=\"JUSTIFY\">No se podr\u00e1n atender las solicitudes respecto del ejercicio del derecho de cancelaci\u00f3n de datos identificativos de los usuarios mientras \u00e9stos mantengan su relaci\u00f3n con Asesoramiento en la Compra de Autom\u00f3viles y Servicios, S.L.. No obstante, los usuarios pueden oponerse al tratamiento de sus datos respecto a la recepci\u00f3n de informaci\u00f3n comercial y\/o publicitaria.<\/p>\n<p align=\"JUSTIFY\">Asesoramiento en la Compra de Autom\u00f3viles y Servicios, S.L. ha tomado las medidas de \u00edndole t\u00e9cnica y organizativa necesarias para garantizar la seguridad de los datos y evitar su alteraci\u00f3n, perdida, tratamiento o acceso no autorizado, teniendo en cuenta el estado de la tecnolog\u00eda, la naturaleza de los datos almacenados y los riesgos a que se encuentran expuestos, ya provengan de la acci\u00f3n humana o del medio f\u00edsico o natural. Se adoptaran las medidas de \u00edndole t\u00e9cnicas y organizativas que persigan alcanzar los objetivos b\u00e1sicos en materia de seguridad, como son: la confidencialidad, entendida como la limitaci\u00f3n de acceso a la informaci\u00f3n por personas no autorizadas; la integridad, entendida como el mantenimiento de la informaci\u00f3n fiable y con calidad, y la disponibilidad, entendida como la garant\u00eda de acceso al sistema de informaci\u00f3n por la solicitud de un usuario autorizado. En cumplimiento de la Ley 34\/2002 de 11 de julio de Servicios de la Informaci\u00f3n y del Comercio Electr\u00f3nico y de las modificaciones en ella introducidas por la Ley 32\/2003 de 3 de noviembre, General de Telecomunicaciones, se advierte que la aceptaci\u00f3n de la presente cl\u00e1usula implica, adem\u00e1s, su consentimiento para recibir comunicaciones comerciales, relativas \u00fanicamente al \u00e1mbito comercial y publicitario, realizadas a trav\u00e9s de correo electr\u00f3nico. En todo momento el usuario puede oponerse al tratamiento de sus datos para \u00e9stas finalidades y revocar el consentimiento prestado, siendo suficiente dirigir una comunicaci\u00f3n escrita a Asesoramiento en la Compra de Autom\u00f3viles y Servicios, S.L., a la direcci\u00f3n: C\/ Jos\u00e9 Mar\u00eda Llanos, 21, 28822-Coslada (Madrid) o por correo electr\u00f3nico a la direcci\u00f3n electr\u00f3nica info@leonardoai.es, indicando en el asunto del correo \u201cDAR DE BAJA\u201d.<\/p>\n<p align=\"JUSTIFY\">La Web de Asesoramiento en la Compra de Autom\u00f3viles y Servicios, S.L. contiene enlaces a otras Web que puedan resultar de inter\u00e9s para los usuarios. Asesoramiento en la Compra de Autom\u00f3viles y Servicios, S.L. no asume ninguna responsabilidad sobre \u00e9stos enlaces, sin que se pueda dar ninguna garant\u00eda en el cumplimiento de pol\u00edticas de privacidad adecuadas, por lo que el usuario accede al contenido de las referidas Web en las condiciones de uso que se fijen en las mismas y bajo su exclusiva responsabilidad. Los usuarios que tengan alguna duda, cuesti\u00f3n o recomendaci\u00f3n sobre nuestra Pol\u00edtica de Privacidad, pueden dirigirse a trav\u00e9s de correo electr\u00f3nico a la siguiente direcci\u00f3n: info@leonardoai.es.<\/p>\n<p>[\/et_pb_text][\/et_pb_column][\/et_pb_row][\/et_pb_section]<\/p>\n","protected":false},"excerpt":{"rendered":"<p>[et_pb_section][et_pb_row][et_pb_column type=\u00bb4_4&#8243;][et_pb_text admin_label=\u00bbText\u00bb background_layout=\u00bblight\u00bb text_orientation=\u00bbleft\u00bb] POLITICA DE PRIVACIDAD A trav\u00e9s del presente aviso, Asesoramiento en la Compra de Autom\u00f3viles y&#8230;<\/p>\n","protected":false},"author":1,"featured_media":0,"parent":0,"menu_order":0,"comment_status":"closed","ping_status":"closed","template":"","meta":{"_acf_changed":false,"_monsterinsights_skip_tracking":false,"_monsterinsights_sitenote_active":false,"_monsterinsights_sitenote_note":"","_monsterinsights_sitenote_category":0,"footnotes":""},"class_list":["post-587","page","type-page","status-publish","hentry"],"acf":[],"_links":{"self":[{"href":"https:\/\/leonardoai.es\/wp_tr24\/wp-json\/wp\/v2\/pages\/587","targetHints":{"allow":["GET"]}}],"collection":[{"href":"https:\/\/leonardoai.es\/wp_tr24\/wp-json\/wp\/v2\/pages"}],"about":[{"href":"https:\/\/leonardoai.es\/wp_tr24\/wp-json\/wp\/v2\/types\/page"}],"author":[{"embeddable":true,"href":"https:\/\/leonardoai.es\/wp_tr24\/wp-json\/wp\/v2\/users\/1"}],"replies":[{"embeddable":true,"href":"https:\/\/leonardoai.es\/wp_tr24\/wp-json\/wp\/v2\/comments?post=587"}],"version-history":[{"count":3,"href":"https:\/\/leonardoai.es\/wp_tr24\/wp-json\/wp\/v2\/pages\/587\/revisions"}],"predecessor-version":[{"id":598,"href":"https:\/\/leonardoai.es\/wp_tr24\/wp-json\/wp\/v2\/pages\/587\/revisions\/598"}],"wp:attachment":[{"href":"https:\/\/leonardoai.es\/wp_tr24\/wp-json\/wp\/v2\/media?parent=587"}],"curies":[{"name":"wp","href":"https:\/\/api.w.org\/{rel}","templated":true}]}}